{"id":867,"date":"2018-03-07T14:24:44","date_gmt":"2018-03-07T13:24:44","guid":{"rendered":"http:\/\/qnex.it\/?page_id=867"},"modified":"2018-03-07T14:47:14","modified_gmt":"2018-03-07T13:47:14","slug":"cookies-2","status":"publish","type":"page","link":"http:\/\/qnex.it\/?page_id=867&lang=it","title":{"rendered":"Cookie"},"content":{"rendered":"<h4>Cookie sul nostro sito<\/h4>\n<p>Il nostro sito web utilizza cookie, come la massima parte di tutti i siti web. I cookie sono piccoli file di testo che vengono salvati sul vostro computer o telefono cellulare, quando visitate siti web.<\/p>\n<p>I cookie ci aiutano a:<\/p>\n<ul>\n<li>far funzionare il sito<\/li>\n<li>salvare le vostre impostazioni<\/li>\n<li>garantire velocit\u00e0 e sicurezza del sito<\/li>\n<\/ul>\n<p><strong>Non<\/strong> utilizziamo cookie che:<\/p>\n<ul>\n<li>raccolgono informazioni personali identificabili<\/li>\n<li>raccolgono informazioni sensibili<\/li>\n<li>trasmettono dati a network pubblicitari<\/li>\n<li>trasmettono dati personali identificabili a terzi.<\/li>\n<\/ul>\n<h4>Il vostro consenso all&#8217;utilizzo di cookie<\/h4>\n<p>Se il software che utilizzate per vedere questo sito (il vostro browser) \u00e8 impostato in modo da accettare i cookie, ne deduciamo il consenso all&#8217;utilizzo dei nostri cookie. Qualora voleste eliminare o non utilizzare i cookie, vedi le informazioni sottostanti. Alcune funzionalit\u00e0 del sito potrebbero essere limitate.<\/p>\n<h4>I nostri cookie<\/h4>\n<h6>Cookie funzionali<\/h6>\n<p>Utilizziamo cookie per il funzionamento del nostro sito, tra cui:<\/p>\n<ul>\n<li>Memorizzazione delle vostre impostazioni di ricerca<\/li>\n<\/ul>\n<p>Questi cookie vengono apposti automaticamente,<\/p>\n<h6>Cookie per statistiche anonime sulle visite<\/h6>\n<p>Usiamo cookie per ottenere statistiche sulle visite al nostro sito, per esempio quante persone hanno visitato il sito, quali tecnologie impiegano (sistemi operativi ecc., anche per verificare il funzionamento del sito per varie tecnologie), quanto durano le visite e quali pagine siano state viste. Questo ci aiuta a migliorare costantemente il sito. Programmi &#8222;analytics&#8220; ci informano, su base anonima, come i visitatori siano giunti al nostro sito (per esempio motori di ricerca) e se hanno gi\u00e0 visitato il sito.<\/p>\n<h4>Disattivare i cookie<\/h4>\n<p>Di norma i cookie possono essere disattivati cambiando le impostazioni del vostro browser in modo da non accettare cookie (istruzioni vedi <a href=\"http:\/\/www.attacat.co.uk\/resources\/cookies\/how-to-ban\" target=\"_blank\" rel=\"noopener\">qui<\/a>, ingl.). Questo pu\u00f2 tuttavia limitare la funzionalit\u00e0 del nostro sito come della maggior parte degli altri siti, poich\u00e9 i cookie sono un elemento standard nella massima parte dei moderni siti web.<\/p>\n<p>Potreste essere preoccupati su come i cookie possano essere connessi ai cosiddetti spyware. Invece di disattivare i cookie, pu\u00f2 essere utile l&#8217;uso di software anti-spyware, che elimina automaticamente i cookie ritenuti sospetti. Pi\u00f9 informazioni <a href=\"http:\/\/www.attacat.co.uk\/resources\/cookies\/how-to-control-your-online-privacy\" target=\"_blank\" rel=\"noopener\">qui<\/a> (ingl.)<\/p>\n<p>&nbsp;<\/p>\n<p><em>The cookie information text on this site was derived from content provided by Attacat Internet Marketing <a href=\"http:\/\/www.attacat.co.uk\/\">http:\/\/www.attacat.co.uk\/<\/a>, a marketing agency based in Edinburgh. If you need similar information for your own website you can use their <a href=\"http:\/\/www.attacat.co.uk\/resources\/cookies\">free cookie audit tool<\/a>.<\/em><\/p>\n","protected":false},"excerpt":{"rendered":"<p>Cookie sul nostro sito Il nostro sito web utilizza cookie, come la massima parte di tutti i siti web. I cookie sono piccoli file di testo che vengono salvati sul &#8230;<\/p>\n","protected":false},"author":1,"featured_media":0,"parent":0,"menu_order":10,"comment_status":"closed","ping_status":"closed","template":"","meta":{"footnotes":""},"class_list":["post-867","page","type-page","status-publish","hentry"],"_links":{"self":[{"href":"http:\/\/qnex.it\/index.php?rest_route=\/wp\/v2\/pages\/867","targetHints":{"allow":["GET"]}}],"collection":[{"href":"http:\/\/qnex.it\/index.php?rest_route=\/wp\/v2\/pages"}],"about":[{"href":"http:\/\/qnex.it\/index.php?rest_route=\/wp\/v2\/types\/page"}],"author":[{"embeddable":true,"href":"http:\/\/qnex.it\/index.php?rest_route=\/wp\/v2\/users\/1"}],"replies":[{"embeddable":true,"href":"http:\/\/qnex.it\/index.php?rest_route=%2Fwp%2Fv2%2Fcomments&post=867"}],"version-history":[{"count":7,"href":"http:\/\/qnex.it\/index.php?rest_route=\/wp\/v2\/pages\/867\/revisions"}],"predecessor-version":[{"id":878,"href":"http:\/\/qnex.it\/index.php?rest_route=\/wp\/v2\/pages\/867\/revisions\/878"}],"wp:attachment":[{"href":"http:\/\/qnex.it\/index.php?rest_route=%2Fwp%2Fv2%2Fmedia&parent=867"}],"curies":[{"name":"wp","href":"https:\/\/api.w.org\/{rel}","templated":true}]}}