{"id":122,"date":"2018-02-02T16:15:38","date_gmt":"2018-02-02T15:15:38","guid":{"rendered":"http:\/\/localhost\/wordpress\/?page_id=122"},"modified":"2018-02-09T11:47:30","modified_gmt":"2018-02-09T10:47:30","slug":"wie-sie-uns-finden","status":"publish","type":"page","link":"https:\/\/qnex.it\/?page_id=122","title":{"rendered":"Wie sie uns finden"},"content":{"rendered":"<h4>Mit der Bahn<\/h4>\n<p>Bozen liegt an der Brennerbahnlinie und ist von Deutschland \u00fcber M\u00fcnchen-Innsbruck und von Italien \u00fcber Verona-Trient erreichbar. Unser B\u00fcro liegt 500 Meter vom Bahnhof entfernt.<\/p>\n<h4>Mit dem Auto<\/h4>\n<p>Bozen ist \u00fcber die Brennerautobahn (A22) erreichbar. Die Anfahrt erfolgt von Norden \u00fcber M\u00fcnchen- Innsbruck-Brenner, von S\u00fcden \u00fcber Modena-Verona-Trient.<\/p>\n<p><iframe loading=\"lazy\" style=\"border: 1px solid black;\" src=\"http:\/\/www.openstreetmap.org\/export\/embed.html?bbox=11.343104839324953%2C46.4943227168869%2C11.36065721511841%2C46.50152360421799&amp;layer=mapnik&amp;marker=46.497923279752904%2C11.35188102722168\" width=\"425\" height=\"350\" frameborder=\"0\" marginwidth=\"0\" marginheight=\"0\" scrolling=\"no\"><\/iframe><br \/>\n<small><a href=\"http:\/\/www.openstreetmap.org\/?mlat=46.49792&amp;mlon=11.35188#map=17\/46.49792\/11.35188\">Gr\u00f6\u00dfere Karte anzeigen<\/a><\/small><\/p>\n<h4>Zu Fu\u00df<\/h4>\n<p><img loading=\"lazy\" decoding=\"async\" class=\"alignleft size-full wp-image-473\" src=\"http:\/\/qnex.it\/wp-content\/uploads\/2018\/02\/dominikanerpl_35-1.jpg\" alt=\"\" width=\"200\" height=\"203\" \/>Wir befinden uns im Zentrum von Bozen. Vom Bahnhof liegt das B\u00fcro ca. 5 Gehminuten entfernt. Folgen Sie der Bahnhofsallee bis zum Waltherplatz und gehen Sie anschlie\u00dfend nach links weiter bis zum Dominikanerplatz.<br \/>\nWir befinden uns im vierten Stock des Hauses Nr. 35.<\/p>\n<h4><\/h4>\n<h4>Parken in Bozen<\/h4>\n<p>In unmittelbarer N\u00e4he unseres B\u00fcros finden Sie eine Parkgarage direkt am Bahnhof (P1) oder am Waltherplatz (P2). Das Parkhaus Bozen Zentrum (P3) ist leichter erreichbar, preislich g\u00fcnstiger und liegt etwa 10 Gehminuten von unserem B\u00fcro entfernt (P3). Achten Sie auf das Leitsystem.<\/p>\n<p><img loading=\"lazy\" decoding=\"async\" class=\"aligncenter size-full wp-image-474\" src=\"http:\/\/qnex.it\/wp-content\/uploads\/2018\/02\/parken_bz-1.gif\" alt=\"\" width=\"445\" height=\"302\" \/><\/p>\n","protected":false},"excerpt":{"rendered":"<p>Mit der Bahn Bozen liegt an der Brennerbahnlinie und ist von Deutschland \u00fcber M\u00fcnchen-Innsbruck und von Italien \u00fcber Verona-Trient erreichbar. Unser B\u00fcro liegt 500 Meter vom Bahnhof entfernt. Mit dem &#8230;<\/p>\n","protected":false},"author":2,"featured_media":0,"parent":79,"menu_order":0,"comment_status":"closed","ping_status":"closed","template":"","meta":{"footnotes":""},"class_list":["post-122","page","type-page","status-publish","hentry"],"_links":{"self":[{"href":"https:\/\/qnex.it\/index.php?rest_route=\/wp\/v2\/pages\/122","targetHints":{"allow":["GET"]}}],"collection":[{"href":"https:\/\/qnex.it\/index.php?rest_route=\/wp\/v2\/pages"}],"about":[{"href":"https:\/\/qnex.it\/index.php?rest_route=\/wp\/v2\/types\/page"}],"author":[{"embeddable":true,"href":"https:\/\/qnex.it\/index.php?rest_route=\/wp\/v2\/users\/2"}],"replies":[{"embeddable":true,"href":"https:\/\/qnex.it\/index.php?rest_route=%2Fwp%2Fv2%2Fcomments&post=122"}],"version-history":[{"count":2,"href":"https:\/\/qnex.it\/index.php?rest_route=\/wp\/v2\/pages\/122\/revisions"}],"predecessor-version":[{"id":476,"href":"https:\/\/qnex.it\/index.php?rest_route=\/wp\/v2\/pages\/122\/revisions\/476"}],"up":[{"embeddable":true,"href":"https:\/\/qnex.it\/index.php?rest_route=\/wp\/v2\/pages\/79"}],"wp:attachment":[{"href":"https:\/\/qnex.it\/index.php?rest_route=%2Fwp%2Fv2%2Fmedia&parent=122"}],"curies":[{"name":"wp","href":"https:\/\/api.w.org\/{rel}","templated":true}]}}