{"id":179,"date":"2018-02-06T15:28:37","date_gmt":"2018-02-06T14:28:37","guid":{"rendered":"http:\/\/localhost\/wordpress\/?page_id=179"},"modified":"2018-02-09T11:50:57","modified_gmt":"2018-02-09T10:50:57","slug":"angebotsplanung","status":"publish","type":"page","link":"https:\/\/qnex.it\/?page_id=179","title":{"rendered":"Angebotsplanung"},"content":{"rendered":"<h3>Stadt- und Regionalverkehr<\/h3>\n<p>Wie soll ein neuer Mobilit\u00e4tsdienst konkret aussehen? Wie wird eine neue Linie in das bestehende Nahverkehrsangebot integriert? Wie kann das Angebot an die Bed\u00fcrfnisse angepasst und betrieblich optimiert werden?<\/p>\n<p>Eine gute\u00a0<strong>Angebotsplanung\u00a0<\/strong>ist die erste Voraussetzung f\u00fcr den Erfolg eines \u00f6ffentlichen Verkehrsdienstes. Dabei muss sich das Fahrten- und Verbindungsangebot an den tats\u00e4chlichen Bed\u00fcrfnissen der Kunden orientieren und sich optimal in bestehende Angebotssysteme einf\u00fcgen. Dazu ist die geografische Analyse des zu bedienenden Gebiets ebenso wichtig wie die Bewertung des bestehenden Angebots an Mobilit\u00e4tsdienstleistungen.<\/p>\n<p>Neben der Kundenorientierung ist die\u00a0<strong>betriebliche Organisation<\/strong>\u00a0des neuen Nahverkehrsdienstes im Sinne der Ressourcenoptimierung von Fahrzeugen und Personal die zweite Hauptanforderung.<\/p>\n<p><a href=\"http:\/\/qnex.it\/wp-content\/uploads\/2018\/02\/angebotsplanung.jpg\"><img loading=\"lazy\" decoding=\"async\" class=\"aligncenter wp-image-479\" src=\"http:\/\/qnex.it\/wp-content\/uploads\/2018\/02\/angebotsplanung.jpg\" alt=\"\" width=\"600\" height=\"304\" srcset=\"https:\/\/qnex.it\/wp-content\/uploads\/2018\/02\/angebotsplanung.jpg 760w, https:\/\/qnex.it\/wp-content\/uploads\/2018\/02\/angebotsplanung-300x152.jpg 300w\" sizes=\"auto, (max-width: 600px) 100vw, 600px\" \/><\/a><\/p>\n<p>Ein\u00a0<strong>angebotsorientierter Zugang<\/strong>\u00a0geht davon aus, dass angesichts der Konkurrenz zwischen Individualverkehr und \u00f6ffentlichem Nahverkehr in erster Linie die Angebotsqualit\u00e4t ausschlaggebend daf\u00fcr ist, wie viel Nachfrage aktiviert werden kann.<\/p>\n<p>Weniger die genaue Anpassung des Angebots an die aktuell registrierte Nachfrage als vielmehr die Optimierung der Angebotsqualit\u00e4t mit den vorhandenen Ressourcen ist der Weg f\u00fcr einen dauerhaft erfolgreichen \u00f6ffentlichen Verkehr. Die entscheidende Planungsgr\u00f6\u00dfe ist die Gesamtqualit\u00e4t des Angebots an \u00f6ffentlichen Verkehrsverbindungen, wie sie von den aktuellen und potenziellen Kunden tats\u00e4chlich wahrgenommen wird.<\/p>\n<p>Die Planung muss daher vom Endprodukt ausgehen: Kernpunkt eines Konzeptes ist eine konkrete, detaillierte und nachvollziehbare Beschreibung des vorgeschlagenen Nahverkehrsangebots in allen seinen Komponenten. Von dieser Zielvorstellung werden alle notwendigen Schritte abgeleitet und die erforderlichen Anpassungen zur technischen und wirtschaftlichen Optimierung vorgenommen.<\/p>\n<h4><img loading=\"lazy\" decoding=\"async\" class=\"aligncenter size-full wp-image-480\" src=\"http:\/\/qnex.it\/wp-content\/uploads\/2018\/02\/citybusbruneck-1.jpg\" alt=\"\" width=\"480\" height=\"160\" srcset=\"https:\/\/qnex.it\/wp-content\/uploads\/2018\/02\/citybusbruneck-1.jpg 480w, https:\/\/qnex.it\/wp-content\/uploads\/2018\/02\/citybusbruneck-1-300x100.jpg 300w\" sizes=\"auto, (max-width: 480px) 100vw, 480px\" \/><br \/>\nQnex bietet alle Phasen der Planung von Verkehrslinien und Netzen<\/h4>\n<p>Je nach Bedarf erstellen wir Angebotskonzepte f\u00fcr einzelne Linien, Stadt- oder Regionalnetze. Wir definieren neue Nahverkehrsdienste oder reorganisieren bestehende Angebote. Die Umsetzung neuer Angebote begleiten wir in allen Phasen.<\/p>\n<p>&nbsp;<\/p>\n<h3>Eventverkehr und Sonderverkehre<\/h3>\n<figure id=\"attachment_482\" aria-describedby=\"caption-attachment-482\" style=\"width: 300px\" class=\"wp-caption alignright\"><img loading=\"lazy\" decoding=\"async\" class=\"size-full wp-image-482\" src=\"http:\/\/qnex.it\/wp-content\/uploads\/2018\/02\/shuttlebus_biathlon-wm-1.jpg\" alt=\"Biathlon-WM Antholz\" width=\"300\" height=\"225\" \/><figcaption id=\"caption-attachment-482\" class=\"wp-caption-text\">Biathlon-WM Antholz<\/figcaption><\/figure>\n<p>Gro\u00dfveranstaltungen f\u00fchren meist zu einem stark erh\u00f6hten Verkehrsaufkommen, das mit den bestehenden Nahverkehrsdiensten nicht abgewickelt werden kann. Damit solche Events aus Sicht der Mobilit\u00e4t ein Erfolg werden, bedarf es einer ausgekl\u00fcgelten Planung und Umsetzung.<\/p>\n<p>Bei Bedarf liefern wir ein Komplettpaket f\u00fcr Gro\u00dfveranstaltungen und Sonderdienste:<\/p>\n<ul>\n<li>Detaillierte Analyse der Mobilit\u00e4tsbed\u00fcrfnisse<\/li>\n<li>Erarbeitung eines Konzepts f\u00fcr den Event- oder Sonderverkehr<\/li>\n<li>Konzipierung und Produktion aller notwendigen Informationsmaterialien<\/li>\n<li>Umsetzung von Informations- und Kommunikationskampagne<\/li>\n<li>Einschulung der Mitarbeiter<\/li>\n<li>Betreuung des Eventverkehrs w\u00e4hrend der Veranstaltung<\/li>\n<li>Qualit\u00e4tskontrolle und Nachbereitung des Eventverkehrs<\/li>\n<\/ul>\n","protected":false},"excerpt":{"rendered":"<p>Stadt- und Regionalverkehr Wie soll ein neuer Mobilit\u00e4tsdienst konkret aussehen? Wie wird eine neue Linie in das bestehende Nahverkehrsangebot integriert? Wie kann das Angebot an die Bed\u00fcrfnisse angepasst und betrieblich &#8230;<\/p>\n","protected":false},"author":2,"featured_media":0,"parent":80,"menu_order":0,"comment_status":"closed","ping_status":"closed","template":"","meta":{"footnotes":""},"class_list":["post-179","page","type-page","status-publish","hentry"],"_links":{"self":[{"href":"https:\/\/qnex.it\/index.php?rest_route=\/wp\/v2\/pages\/179","targetHints":{"allow":["GET"]}}],"collection":[{"href":"https:\/\/qnex.it\/index.php?rest_route=\/wp\/v2\/pages"}],"about":[{"href":"https:\/\/qnex.it\/index.php?rest_route=\/wp\/v2\/types\/page"}],"author":[{"embeddable":true,"href":"https:\/\/qnex.it\/index.php?rest_route=\/wp\/v2\/users\/2"}],"replies":[{"embeddable":true,"href":"https:\/\/qnex.it\/index.php?rest_route=%2Fwp%2Fv2%2Fcomments&post=179"}],"version-history":[{"count":2,"href":"https:\/\/qnex.it\/index.php?rest_route=\/wp\/v2\/pages\/179\/revisions"}],"predecessor-version":[{"id":483,"href":"https:\/\/qnex.it\/index.php?rest_route=\/wp\/v2\/pages\/179\/revisions\/483"}],"up":[{"embeddable":true,"href":"https:\/\/qnex.it\/index.php?rest_route=\/wp\/v2\/pages\/80"}],"wp:attachment":[{"href":"https:\/\/qnex.it\/index.php?rest_route=%2Fwp%2Fv2%2Fmedia&parent=179"}],"curies":[{"name":"wp","href":"https:\/\/api.w.org\/{rel}","templated":true}]}}