{"id":181,"date":"2018-02-06T15:28:51","date_gmt":"2018-02-06T14:28:51","guid":{"rendered":"http:\/\/localhost\/wordpress\/?page_id=181"},"modified":"2018-02-09T11:39:59","modified_gmt":"2018-02-09T10:39:59","slug":"progettazione-dellofferta","status":"publish","type":"page","link":"https:\/\/qnex.it\/?page_id=181&lang=it","title":{"rendered":"Progettazione dell&#8217;offerta"},"content":{"rendered":"<h3>Reti urbane e regionali<\/h3>\n<p>Come impostare concretamente una nuova offerta di trasporto? Come si integra una nuova linea nell&#8217;offerta esistente? Come si pu\u00f2 adeguare l&#8217;offerta alle esigenze e ottimizzarla dal punto di vista gestionale?<\/p>\n<p>Una buona <strong>progettazione dell&#8217;offerta<\/strong> \u00e8 il primo presupposto del successo di un servizio di trasporto pubblico. L&#8217;offerta di collegamenti va orientata alle esigenze effettive della clientela e deve inserirsi in modo ottimale nella rete esistente. E&#8216; necessaria a questo scopo sia un&#8217;analisi geografica della zona da servire che uno studio attento dell&#8217;offerta attuale di servizi di mobilit\u00e0.<\/p>\n<p>Accanto all&#8217;orientamento alla clientela, la seconda sfida \u00e8 <strong>l&#8217;organizzazione dell&#8217;esercizio<\/strong> con criteri di ottimizzazione delle risorse di personale e materiale rotabile.<\/p>\n<p><a href=\"http:\/\/qnex.it\/wp-content\/uploads\/2018\/02\/progettazione_offerta.jpg\"><img loading=\"lazy\" decoding=\"async\" class=\"aligncenter wp-image-458\" src=\"http:\/\/qnex.it\/wp-content\/uploads\/2018\/02\/progettazione_offerta.jpg\" alt=\"\" width=\"600\" height=\"304\" srcset=\"https:\/\/qnex.it\/wp-content\/uploads\/2018\/02\/progettazione_offerta.jpg 760w, https:\/\/qnex.it\/wp-content\/uploads\/2018\/02\/progettazione_offerta-300x152.jpg 300w\" sizes=\"auto, (max-width: 600px) 100vw, 600px\" \/><\/a><\/p>\n<p><strong>L&#8217;approccio orientato all&#8217;offerta<\/strong> parte dalla constatazione che, vista la situazione di concorrenza tra trasporto individuale e trasporto collettivo, \u00e8 soprattutto la qualit\u00e0 dell&#8217;offerta a determinare la domanda che pu\u00f2 essere attivata. Non tanto l&#8217;adeguamento dell&#8217;offerta alla domanda attualmente registrata, ma piuttosto l&#8217;ottimizzazione della qualit\u00e0 dell&#8217;offerta con le risorse disponibili \u00e8 la via per ottenere un successo duraturo nel trasporto pubblico. Il dato fondamentale nella pianificazione \u00e8 la qualit\u00e0 complessiva dell&#8217;offerta come viene effettivamente percepita dai clienti attuali e potenziali.<\/p>\n<p>La progettazione deve quindi partire dal prodotto finale: l&#8217;elemento centrale di un progetto \u00e8 una descrizione concreta, chiara e dettagliata dell&#8217;offerta proposta in tutte le sue componenti. A partire da questa definizione dell&#8217;obiettivo si deducono tutti i passi necessari e si operano gli adeguamenti richiesti per un&#8217;ottimizzazione tecnica ed economica.<\/p>\n<p><a href=\"http:\/\/qnex.it\/wp-content\/uploads\/2018\/02\/citybusbruneck.jpg\"><img loading=\"lazy\" decoding=\"async\" class=\"aligncenter size-full wp-image-460\" src=\"http:\/\/qnex.it\/wp-content\/uploads\/2018\/02\/citybusbruneck.jpg\" alt=\"\" width=\"480\" height=\"160\" srcset=\"https:\/\/qnex.it\/wp-content\/uploads\/2018\/02\/citybusbruneck.jpg 480w, https:\/\/qnex.it\/wp-content\/uploads\/2018\/02\/citybusbruneck-300x100.jpg 300w\" sizes=\"auto, (max-width: 480px) 100vw, 480px\" \/><\/a><\/p>\n<h4><\/h4>\n<h4>Qnex offre tutte le fasi di progettazione di linee e reti di trasporto pubblico locale<\/h4>\n<p>Qnex svolge progettazioni dell&#8217;offerta per singole linee, reti urbane e regionali, sia per nuovi servizi che per la riorganizzazione di offerte esistenti, e accompagna l&#8217;attuazione in ogni sua fase.<\/p>\n<p>&nbsp;<\/p>\n<h3>Mobilit\u00e0 per eventi e servizi speciali<\/h3>\n<figure id=\"attachment_461\" aria-describedby=\"caption-attachment-461\" style=\"width: 300px\" class=\"wp-caption alignright\"><a href=\"http:\/\/qnex.it\/wp-content\/uploads\/2018\/02\/shuttlebus_biathlon-wm.jpg\"><img loading=\"lazy\" decoding=\"async\" class=\"size-full wp-image-461\" src=\"http:\/\/qnex.it\/wp-content\/uploads\/2018\/02\/shuttlebus_biathlon-wm.jpg\" alt=\"Mondiali di Biatholon, Anterselva\" width=\"300\" height=\"225\" \/><\/a><figcaption id=\"caption-attachment-461\" class=\"wp-caption-text\">Mondiali di Biatholon, Anterselva<\/figcaption><\/figure>\n<p>Grandi manifestazioni producono grandi volumi di traffico, che spesso non \u00e8 gestibile con i servizi di trasporto regolari. Per garantire il successo di una manifestazione anche dal punto di vista della mobilit\u00e0, \u00e8 necessaria un&#8217;attenta programmazione.<\/p>\n<p>Qnex offre un pacchetto completo per grandi eventi e servizi speciali:<\/p>\n<ul>\n<li>Analisi dettagliata delle esigenze di mobilit\u00e0<\/li>\n<li>Elaborazione di un piano di mobilit\u00e0 collettiva specifico<\/li>\n<li>Concezione e produzione di tutti i materiali informativi necessari<\/li>\n<li>Impostazione di un&#8217;adeguata campagna di informazione e comunicazione<\/li>\n<li>Formazione dei collaboratori<\/li>\n<li>Assistenza durante la manifestazione<\/li>\n<li>Controllo qualit\u00e0 e analisi dei risultati<\/li>\n<\/ul>\n","protected":false},"excerpt":{"rendered":"<p>Reti urbane e regionali Come impostare concretamente una nuova offerta di trasporto? Come si integra una nuova linea nell&#8217;offerta esistente? Come si pu\u00f2 adeguare l&#8217;offerta alle esigenze e ottimizzarla dal &#8230;<\/p>\n","protected":false},"author":2,"featured_media":0,"parent":83,"menu_order":0,"comment_status":"closed","ping_status":"closed","template":"","meta":{"footnotes":""},"class_list":["post-181","page","type-page","status-publish","hentry"],"_links":{"self":[{"href":"https:\/\/qnex.it\/index.php?rest_route=\/wp\/v2\/pages\/181","targetHints":{"allow":["GET"]}}],"collection":[{"href":"https:\/\/qnex.it\/index.php?rest_route=\/wp\/v2\/pages"}],"about":[{"href":"https:\/\/qnex.it\/index.php?rest_route=\/wp\/v2\/types\/page"}],"author":[{"embeddable":true,"href":"https:\/\/qnex.it\/index.php?rest_route=\/wp\/v2\/users\/2"}],"replies":[{"embeddable":true,"href":"https:\/\/qnex.it\/index.php?rest_route=%2Fwp%2Fv2%2Fcomments&post=181"}],"version-history":[{"count":2,"href":"https:\/\/qnex.it\/index.php?rest_route=\/wp\/v2\/pages\/181\/revisions"}],"predecessor-version":[{"id":462,"href":"https:\/\/qnex.it\/index.php?rest_route=\/wp\/v2\/pages\/181\/revisions\/462"}],"up":[{"embeddable":true,"href":"https:\/\/qnex.it\/index.php?rest_route=\/wp\/v2\/pages\/83"}],"wp:attachment":[{"href":"https:\/\/qnex.it\/index.php?rest_route=%2Fwp%2Fv2%2Fmedia&parent=181"}],"curies":[{"name":"wp","href":"https:\/\/api.w.org\/{rel}","templated":true}]}}