{"id":187,"date":"2018-02-06T15:30:23","date_gmt":"2018-02-06T14:30:23","guid":{"rendered":"http:\/\/localhost\/wordpress\/?page_id=187"},"modified":"2018-02-09T13:32:35","modified_gmt":"2018-02-09T12:32:35","slug":"marketing","status":"publish","type":"page","link":"https:\/\/qnex.it\/?page_id=187","title":{"rendered":"Marketing"},"content":{"rendered":"<h5>Auch Mobilit\u00e4t wird verkauft<\/h5>\n<p><a href=\"http:\/\/qnex.it\/wp-content\/uploads\/2018\/02\/mobilcard08gro\u00df-1.jpg\"><img loading=\"lazy\" decoding=\"async\" class=\"alignright wp-image-517\" src=\"http:\/\/qnex.it\/wp-content\/uploads\/2018\/02\/mobilcard08gro\u00df-1.jpg\" alt=\"\" width=\"350\" height=\"244\" srcset=\"https:\/\/qnex.it\/wp-content\/uploads\/2018\/02\/mobilcard08gro\u00df-1.jpg 482w, https:\/\/qnex.it\/wp-content\/uploads\/2018\/02\/mobilcard08gro\u00df-1-300x209.jpg 300w\" sizes=\"auto, (max-width: 350px) 100vw, 350px\" \/><\/a>Wie mache ich das neue Tarifangebot bekannt? Wie informiere ich \u00fcber die neue Buslinie? Wie verbessere ich das Image des \u00f6ffentlichen Verkehrs in der Region?<\/p>\n<p>Informations- und Werbekampagnen bieten die Chance, neue Zielgruppen anzusprechen. Das Angebot des \u00f6ffentlichen Verkehrs soll sich schlie\u00dflich nicht nur an Menschen richten, die keine anderen M\u00f6glichkeiten haben, sich fortzubewegen. Aber wer die Wahl hat zwischen Individualverkehr und \u00f6ffentlichem Verkehr, muss oft erst erreicht und von den Vorz\u00fcgen von Bus und Bahn \u00fcberzeugt werden.<\/p>\n<p>Gezielte Kampagnen wirken imagebildend und gewinnen neuen Kunden. Dazu kann eine Reihe von Medien eingesetzt werden: von den klassischen Printmedien \u00fcber gezielte Produkte f\u00fcr die Kunden bis hin zu den neuen Medien.<\/p>\n<p><strong>Qnex<\/strong> hat im Bereich \u00d6PNV-Marketing eine Vielzahl Kampagnen durchgef\u00fchrt, zum Beispiel:<\/p>\n<ul>\n<li>Einf\u00fchrung der Citybusse in S\u00fcdtirol<\/li>\n<li>Einf\u00fchrung der Mobilcard<\/li>\n<li>Werbe- und Informationskampagne bei der Biathlon-WM<\/li>\n<\/ul>\n","protected":false},"excerpt":{"rendered":"<p>Auch Mobilit\u00e4t wird verkauft Wie mache ich das neue Tarifangebot bekannt? Wie informiere ich \u00fcber die neue Buslinie? Wie verbessere ich das Image des \u00f6ffentlichen Verkehrs in der Region? Informations- &#8230;<\/p>\n","protected":false},"author":2,"featured_media":0,"parent":80,"menu_order":0,"comment_status":"closed","ping_status":"closed","template":"","meta":{"footnotes":""},"class_list":["post-187","page","type-page","status-publish","hentry"],"_links":{"self":[{"href":"https:\/\/qnex.it\/index.php?rest_route=\/wp\/v2\/pages\/187","targetHints":{"allow":["GET"]}}],"collection":[{"href":"https:\/\/qnex.it\/index.php?rest_route=\/wp\/v2\/pages"}],"about":[{"href":"https:\/\/qnex.it\/index.php?rest_route=\/wp\/v2\/types\/page"}],"author":[{"embeddable":true,"href":"https:\/\/qnex.it\/index.php?rest_route=\/wp\/v2\/users\/2"}],"replies":[{"embeddable":true,"href":"https:\/\/qnex.it\/index.php?rest_route=%2Fwp%2Fv2%2Fcomments&post=187"}],"version-history":[{"count":1,"href":"https:\/\/qnex.it\/index.php?rest_route=\/wp\/v2\/pages\/187\/revisions"}],"predecessor-version":[{"id":518,"href":"https:\/\/qnex.it\/index.php?rest_route=\/wp\/v2\/pages\/187\/revisions\/518"}],"up":[{"embeddable":true,"href":"https:\/\/qnex.it\/index.php?rest_route=\/wp\/v2\/pages\/80"}],"wp:attachment":[{"href":"https:\/\/qnex.it\/index.php?rest_route=%2Fwp%2Fv2%2Fmedia&parent=187"}],"curies":[{"name":"wp","href":"https:\/\/api.w.org\/{rel}","templated":true}]}}