{"id":51,"date":"2018-01-31T17:05:55","date_gmt":"2018-01-31T16:05:55","guid":{"rendered":"http:\/\/localhost\/wordpress\/home\/"},"modified":"2018-03-07T15:03:34","modified_gmt":"2018-03-07T14:03:34","slug":"home","status":"publish","type":"page","link":"http:\/\/qnex.it\/","title":{"rendered":"Qnex Mobilit\u00e4tsl\u00f6sungen &#8211; Bozen, S\u00fcdtirol"},"content":{"rendered":"<h3><img loading=\"lazy\" decoding=\"async\" class=\"aligncenter size-full wp-image-463\" src=\"http:\/\/qnex.it\/wp-content\/uploads\/2018\/02\/titelseite_netz.jpg\" alt=\"\" width=\"760\" height=\"262\" srcset=\"https:\/\/qnex.it\/wp-content\/uploads\/2018\/02\/titelseite_netz.jpg 760w, https:\/\/qnex.it\/wp-content\/uploads\/2018\/02\/titelseite_netz-300x103.jpg 300w\" sizes=\"auto, (max-width: 760px) 100vw, 760px\" \/><\/h3>\n<p>&nbsp;<\/p>\n<h3>Beratung und Dienstleistungen f\u00fcr den \u00f6ffentlichen Verkehr<\/h3>\n<p>Qnex ist seit 2000 t\u00e4tig als spezialisierter Dienstleister f\u00fcr die Gestaltung des \u00f6ffentlichen Verkehrs (\u00d6PNV\/\u00f6V), mit Sitz in Bozen, S\u00fcdtirol.<\/p>\n<ul>\n<li>Wir\u00a0bieten Beratung:\n<ul>\n<li>in Fragen des \u00f6ffentlichen Verkehrs und der nachhaltigen Mobilit\u00e4t<\/li>\n<li>auf st\u00e4dtischer, lokaler und regionaler Ebene<\/li>\n<li>zu regul\u00e4ren Linien, Sonderverkehren und touristischen Verkehrsangeboten<\/li>\n<li>zu Linienf\u00fchrung und Fahrplanerstellung<\/li>\n<li>zur Gestaltung aller qualitativen Aspekte des \u00f6ffentlichen Verkehrs<\/li>\n<li>zu Information und Kommunikation im \u00f6ffentlichen Verkehr;<\/li>\n<\/ul>\n<\/li>\n<li>wir begleiten die Umsetzung neuer Angebote<\/li>\n<li>und wir erstellen und produzieren ma\u00dfgeschneiderte Informationsprodukte.<\/li>\n<\/ul>\n<hr \/>\n<p>Einen <strong>\u00dcberblick \u00fcber unser T\u00e4tigkeitsfeld<\/strong> finden Sie <a href=\"http:\/\/qnex.it\/?page_id=80\">hier<\/a>.<\/p>\n<p>Eine <strong>Auswahl an Arbeiten<\/strong>, die Qnex in den vergangenen Jahren durchgef\u00fchrt hat, findet sich auf der <a href=\"http:\/\/qnex.it\/?page_id=72\">Projektseite<\/a>.<\/p>\n<p><strong>N\u00e4here Informationen<\/strong> zu Qnex finden Sie <a href=\"http:\/\/qnex.it\/?page_id=79\">hier<\/a>.<\/p>\n<p>&nbsp;<\/p>\n<p><img loading=\"lazy\" decoding=\"async\" class=\"aligncenter wp-image-602 size-full\" src=\"http:\/\/qnex.it\/wp-content\/uploads\/2018\/02\/bilderleiste_homepage1.jpg\" alt=\"\" width=\"800\" height=\"100\" srcset=\"https:\/\/qnex.it\/wp-content\/uploads\/2018\/02\/bilderleiste_homepage1.jpg 800w, https:\/\/qnex.it\/wp-content\/uploads\/2018\/02\/bilderleiste_homepage1-300x38.jpg 300w, https:\/\/qnex.it\/wp-content\/uploads\/2018\/02\/bilderleiste_homepage1-768x96.jpg 768w\" sizes=\"auto, (max-width: 800px) 100vw, 800px\" \/><\/p>\n","protected":false},"excerpt":{"rendered":"<p>&nbsp; Beratung und Dienstleistungen f\u00fcr den \u00f6ffentlichen Verkehr Qnex ist seit 2000 t\u00e4tig als spezialisierter Dienstleister f\u00fcr die Gestaltung des \u00f6ffentlichen Verkehrs (\u00d6PNV\/\u00f6V), mit Sitz in Bozen, S\u00fcdtirol. Wir\u00a0bieten Beratung: &#8230;<\/p>\n","protected":false},"author":2,"featured_media":381,"parent":0,"menu_order":0,"comment_status":"closed","ping_status":"closed","template":"","meta":{"footnotes":""},"class_list":["post-51","page","type-page","status-publish","has-post-thumbnail","hentry"],"_links":{"self":[{"href":"https:\/\/qnex.it\/index.php?rest_route=\/wp\/v2\/pages\/51","targetHints":{"allow":["GET"]}}],"collection":[{"href":"https:\/\/qnex.it\/index.php?rest_route=\/wp\/v2\/pages"}],"about":[{"href":"https:\/\/qnex.it\/index.php?rest_route=\/wp\/v2\/types\/page"}],"author":[{"embeddable":true,"href":"https:\/\/qnex.it\/index.php?rest_route=\/wp\/v2\/users\/2"}],"replies":[{"embeddable":true,"href":"https:\/\/qnex.it\/index.php?rest_route=%2Fwp%2Fv2%2Fcomments&post=51"}],"version-history":[{"count":26,"href":"https:\/\/qnex.it\/index.php?rest_route=\/wp\/v2\/pages\/51\/revisions"}],"predecessor-version":[{"id":883,"href":"https:\/\/qnex.it\/index.php?rest_route=\/wp\/v2\/pages\/51\/revisions\/883"}],"wp:featuredmedia":[{"embeddable":true,"href":"https:\/\/qnex.it\/index.php?rest_route=\/wp\/v2\/media\/381"}],"wp:attachment":[{"href":"https:\/\/qnex.it\/index.php?rest_route=%2Fwp%2Fv2%2Fmedia&parent=51"}],"curies":[{"name":"wp","href":"https:\/\/api.w.org\/{rel}","templated":true}]}}