{"id":80,"date":"2018-02-02T15:09:32","date_gmt":"2018-02-02T14:09:32","guid":{"rendered":"http:\/\/localhost\/wordpress\/?page_id=80"},"modified":"2018-02-21T16:39:13","modified_gmt":"2018-02-21T15:39:13","slug":"unsere-leistungen","status":"publish","type":"page","link":"https:\/\/qnex.it\/?page_id=80","title":{"rendered":"Unsere Leistungen"},"content":{"rendered":"<p><strong><a href=\"http:\/\/qnex.it\/wp-content\/uploads\/2018\/02\/qnex_symbol.png\"><img loading=\"lazy\" decoding=\"async\" class=\"alignright wp-image-583 size-medium\" src=\"http:\/\/qnex.it\/wp-content\/uploads\/2018\/02\/qnex_symbol-300x230.png\" alt=\"\" width=\"300\" height=\"230\" srcset=\"https:\/\/qnex.it\/wp-content\/uploads\/2018\/02\/qnex_symbol-300x230.png 300w, https:\/\/qnex.it\/wp-content\/uploads\/2018\/02\/qnex_symbol.png 400w\" sizes=\"auto, (max-width: 300px) 100vw, 300px\" \/><\/a>Qnex<\/strong> hat sich auf den lokalen und regionalen \u00f6ffentlichen Verkehr spezialisiert und bietet sowohl vorbereitende Analysen als auch den Entwurf neuer Linien und Netze sowie begleitende Beratung bei der Umsetzung.<\/p>\n<p>In der <strong>Fahrgastinformation<\/strong> schlie\u00dft Qnex die L\u00fccke zwischen Betreibern und Kunden des \u00f6ffentlichen Nahverkehrs (\u00d6PNV). Informationsprodukte, die genau auf die Bed\u00fcrfnisse der Kundinnen und Kunden ausgerichtet sind, sind ein zentrales Element zur Erweiterung des Kundenkreises und zur Verbesserung der Kundenzufriedenheit.<\/p>\n<p>Unsere langj\u00e4hrige Erfahrung, unsere geografische Lage zwischen dem deutsch- und italienischsprachigen Raum und unsere Zweisprachigkeit erm\u00f6glichen es uns, bestm\u00f6glich auf spezielle Situationen und Bed\u00fcrfnisse einzugehen und die jeweils passenden L\u00f6sungen zu erarbeiten.<\/p>\n<p>Unsere Kernbereiche:<\/p>\n<ul>\n<li><a href=\"http:\/\/qnex.it\/?page_id=175\">Analyse bestehender Linien und Angebote, Potenzialabsch\u00e4tzungen<\/a><\/li>\n<li><a href=\"http:\/\/qnex.it\/?page_id=179\">Angebotsplanung f\u00fcr regul\u00e4re Linien und Sonderverkehre<\/a><\/li>\n<li><a href=\"http:\/\/qnex.it\/?page_id=183\">Fahrgastinformation (Netzpl\u00e4ne, Fahrpl\u00e4ne, \u00dcbersichten)<\/a><\/li>\n<li><a href=\"http:\/\/qnex.it\/?page_id=187\">Marketing und Werbung f\u00fcr \u00f6ffentliche Verkehrsdienste <\/a><\/li>\n<\/ul>\n","protected":false},"excerpt":{"rendered":"<p>Qnex hat sich auf den lokalen und regionalen \u00f6ffentlichen Verkehr spezialisiert und bietet sowohl vorbereitende Analysen als auch den Entwurf neuer Linien und Netze sowie begleitende Beratung bei der Umsetzung. &#8230;<\/p>\n","protected":false},"author":2,"featured_media":0,"parent":0,"menu_order":0,"comment_status":"closed","ping_status":"closed","template":"","meta":{"footnotes":""},"class_list":["post-80","page","type-page","status-publish","hentry"],"_links":{"self":[{"href":"https:\/\/qnex.it\/index.php?rest_route=\/wp\/v2\/pages\/80","targetHints":{"allow":["GET"]}}],"collection":[{"href":"https:\/\/qnex.it\/index.php?rest_route=\/wp\/v2\/pages"}],"about":[{"href":"https:\/\/qnex.it\/index.php?rest_route=\/wp\/v2\/types\/page"}],"author":[{"embeddable":true,"href":"https:\/\/qnex.it\/index.php?rest_route=\/wp\/v2\/users\/2"}],"replies":[{"embeddable":true,"href":"https:\/\/qnex.it\/index.php?rest_route=%2Fwp%2Fv2%2Fcomments&post=80"}],"version-history":[{"count":4,"href":"https:\/\/qnex.it\/index.php?rest_route=\/wp\/v2\/pages\/80\/revisions"}],"predecessor-version":[{"id":770,"href":"https:\/\/qnex.it\/index.php?rest_route=\/wp\/v2\/pages\/80\/revisions\/770"}],"wp:attachment":[{"href":"https:\/\/qnex.it\/index.php?rest_route=%2Fwp%2Fv2%2Fmedia&parent=80"}],"curies":[{"name":"wp","href":"https:\/\/api.w.org\/{rel}","templated":true}]}}